{"id":2097,"date":"2025-11-20T10:44:29","date_gmt":"2025-11-20T09:44:29","guid":{"rendered":"https:\/\/sportihobbycennik.sportihoobby.pl\/?page_id=2097"},"modified":"2026-03-30T19:04:06","modified_gmt":"2026-03-30T17:04:06","slug":"kompletne-grupy-czesci-shimano-na-zamowienie","status":"publish","type":"page","link":"https:\/\/sportihobbycennik.sportihoobby.pl\/?page_id=2097","title":{"rendered":"Komletne grupy osprz\u0119tu na zam\u00f3wienie"},"content":{"rendered":"\r\n<div class=\"wp-block-group\"><div class=\"wp-block-group__inner-container is-layout-constrained wp-block-group-is-layout-constrained\">\r\n<p><br \/><br \/><br \/><span style=\"font-size: 24px;\"><strong>Oferuj\u0119 mo\u017cliwo\u015b\u0107 zamawiania kompletnych grup osprz\u0119tu Shimano &#8211; produkt pochodzi od oficjalnego dystrybutora Shimano na Polsk\u0119 z siedzib\u0105 w G\u0105dkach k. Poznania.<\/strong><\/span><\/p>\r\n<\/div><\/div>\r\n\r\n\r\n\r\n<p>&nbsp;<\/p>\r\n","protected":false},"excerpt":{"rendered":"<p>Oferuj\u0119 mo\u017cliwo\u015b\u0107 zamawiania kompletnych grup osprz\u0119tu Shimano &#8211; produkt pochodzi od oficjalnego dystrybutora Shimano na Polsk\u0119 z siedzib\u0105 w G\u0105dkach k. Poznania. &nbsp;<\/p>\n","protected":false},"author":1,"featured_media":0,"parent":0,"menu_order":0,"comment_status":"closed","ping_status":"closed","template":"","meta":{"_crdt_document":"{\"document\":\"AADcAby1uvgfhsHEgR24\/KLHGo3Fm8AaxeWMkxMCpe3ImBrAsefyGQCt7ITwGJqHsZEXrpfQ5xaAsefyGYXljJMTzcWbwBoBrpfQ5xbF5YyTEwCNxZvAGoig0NIUheWMkxPAsefyGQPF5YyTEwaAsefyGcXljJMTQ4Cx5\/IZhOH72xDMrvsfAr3i48YPifKP6A2Dw4PpDITh+9sQg8OD6QyMrvsfg8OD6QyE4fvbELi52s8Lk7WR1wqDw4PpDKTT49gCjK77H+6X0OcWBIyu+x+F5YyTE66X0OcWzK77HwC+AYSmAgKiOYgC2uECTJSvA9qvAwK8A9oDrKUCAtSmAhQBAQRQAQEIAEgARAYEAgAGtqUCAQEIAkJIAKQD6KkChqYCmAmaAogCvAf0FaQg7A6uDrAEBJoJ3AmeCSICJKQCqgSKAogCvAfi6QKo7wK0CPIIiA3uVoxbzFuoZehllnSeBMQipiYBAQgASEKiBNRCqEbQrAOuBZgB3gEC7gVCrAWuDNoSmBi6ignSowkkqKIJAkTGowmCpgLkpQJisgUOpvQBjD0A+gekV5wKxlrxASgAIQKhAoEAAAAhASgBIQIoBCcAKAAnACECoQOBAKEBIQChACEBKAMHACEAKAAhACcAIQEnAAAAgQAAAKECKAEHACECJwEBACgAJwCBAAAAgQAAAMEAAAChAIEAAAChAIEAAACBAKEAgQChAYEAoQCBAKEAqACBAAAAoQCBAAAAoQCBAAAAoQCBAAAAgQDBAAAAgQAAAIEAwQAAAIEAwQAAAIEAwQAAAIEAwQAAAIEAAACBAMcAKAInASgAJwCBAAAAgQAAAKEAgQAAAKEAIQChAagBIQKhAKgAgQCEAKEAIQGoACEBoQCoAKEAqAGBAKH8B54Hc3RhdGV2ZXJzaW9uc3RhdGV2ZXJzaW9uc3RhdGV2ZXJzaW9uc3RhdGV2ZXJzaW9uc3RhdGV2ZXJzaW9uc3RhdGV2ZXJzaW9uZG9jdW1lbnRkYXRlZG9jdW1lbnRzbHVnZG9jdW1lbnRzdGF0dXNkb2N1bWVudHRpdGxlZG9jdW1lbnRleGNlcnB0ZG9jdW1lbnRhdXRob3Jkb2N1bWVudGZlYXR1cmVkX21lZGlhZG9jdW1lbnRjb21tZW50X3N0YXR1c2RvY3VtZW50cGluZ19zdGF0dXNkb2N1bWVudHRlbXBsYXRlZG9jdW1lbnRtZXRhZm9vdG5vdGVzZG9jdW1lbnRibG9ja3NzdGF0ZXZlcnNpb25zdGF0ZXZlcnNpb25zdGF0ZXZlcnNpb252YWx1ZXN0YXRldmVyc2lvbnN0YXRldmVyc2lvbl9tb25zdGVyaW5zaWdodHNfc2tpcF90cmFja2luZ19tb25zdGVyaW5zaWdodHNfc2l0ZW5vdGVfYWN0aXZlX21vbnN0ZXJpbnNpZ2h0c19zaXRlbm90ZV9ub3RlX21vbnN0ZXJpbnNpZ2h0c19zaXRlbm90ZV9jYXRlZ29yeWNsaWVudElkaXNWYWxpZG5hbWVhdHRyaWJ1dGVzY29udGVudGRyb3BDYXBpbm5lckJsb2Nrc3RhZ05hbWVsYXlvdXRjbGllbnRJZGlzVmFsaWRuYW1lYXR0cmlidXRlc2NvbnRlbnRkcm9wQ2FwaW5uZXJCbG9ja3NjbGllbnRJZGlzVmFsaWRuYW1lYXR0cmlidXRlc2NvbnRlbnRkcm9wQ2FwaW5uZXJCbG9ja3NzdGF0ZXZlcnNpb25zdGF0ZXZlcnNpb25zdGF0ZXZlcnNpb25zdGF0ZXZlcnNpb248YnI+PGJyPjxicj48c3Ryb25nPk9mZXJ1asSZIG1vxbxsaXdvxZvEhyB6YW1hd2lhbmlhIGtvbXBsZXRueWNoIGdydXAgb3NwcnrEmXR1IFNoaW1hbm8gLSBwcm9kdWt0IHBvY2hvZHppIG9kIG9maWNqYWxuZWdvIGR5c3RyeWJ1dG9yYSBTaGltYW5vIG5hIFBvbHNrxJkgeiBzaWVkemlixIUgdyBHxIVka2FjaCBrLiBQb3puYW5pYS48L3N0cm9uZz5zdGF0ZXZlcnNpb25zdGF0ZXZlcnNpb25zdGF0ZXZlcnNpb25zdGF0ZXZlcnNpb24FBwUHBQcFBwUHBQcIBAgECAYIBQgHCAYIDggOCAtIAQQJCAYFBwUHBQdFAAcFBx4gHiIIBwQKRwALBwYIBwQKRwALCAcECkcACwUHBQcFBwUHvgIFBwUHBQcFBw0BEAAAAQMAAAEBAB0BDQEAQQAAQQACAEEAAgCBAUEFvgGFAUEPEUEAktEEQQ2GegGuGEEGrQFBADq+AYQBAQcBhAG\/AQG+AYUBkwQBmAJBAK0EARFBABGRAQGVAoQBAYQBvwEBvgGFAb4BAQeSBAKJAgEFiQIBhAOJAgGEA5IEAQWJAgeJAkECiQIBiQICAYQBAhpBCIwJQQmyAkECLBMBAH0BAQABAAYAAQAOAHcTMjAyNS0xMS0yMFQxMDo0NDoyOXcsa29tcGxldG5lLWdydXB5LWN6ZXNjaS1zaGltYW5vLW5hLXphbW93aWVuaWV9AX0AdwZjbG9zZWR3BmNsb3NlZHcAdwABAAEACgABAGMAeXl3AH0AeHcDZGl2dgEEdHlwZXcLY29uc3RyYWluZWR5eHckOWI5Yjg2ZmQtMjU4Yi00OWU3LWFjN2YtZWI2NDFlMmY1YjNleHcOY29yZS9wYXJhZ3JhcGh5BQB3JDYyOTYzYjQyLWRlZDUtNDJiZi1iM2YzLTQ3OGVlZjhkMzU0NncKY29yZS9ncm91cAEAAQAGAHcnS29tbGV0bmUgZ3J1cHkgb3NwcnrEmXR1IG5hIHphbcOzd2llbmllAQACAHcHcHVibGlzaAEADAB3AHckMTg0YWM2OGQtMDlhMi00Y2M2LWE5NzMtNzViMjc0NDZiOTdkdw5jb3JlL3BhcmFncmFwaBLGoOLADgEAALi+0aMNAQAAzeKNoA0BAMYB5bakjA0BAADA2LP5DAIAAAICrbaCuAwBAADaw9jICwEAAO6L6LMLAQDqqAKIkKipCgEAAMWyxskJCgAABQABAAEBAbdJAwICbAL6CgG5Ewj1AsTw\/a0IAQACvfGx4wcBAACJ+Yf0BgEAAMPhwbQGAwABAcsEvgEA+Jzt5wUBAADT2sirBQEAAOTpsawBAQAAjNf9DwMAAQEAAuEB\"}","_monsterinsights_skip_tracking":false,"_monsterinsights_sitenote_active":false,"_monsterinsights_sitenote_note":"","_monsterinsights_sitenote_category":0,"footnotes":""},"class_list":["post-2097","page","type-page","status-publish","hentry"],"aioseo_notices":[],"_links":{"self":[{"href":"https:\/\/sportihobbycennik.sportihoobby.pl\/index.php?rest_route=\/wp\/v2\/pages\/2097","targetHints":{"allow":["GET"]}}],"collection":[{"href":"https:\/\/sportihobbycennik.sportihoobby.pl\/index.php?rest_route=\/wp\/v2\/pages"}],"about":[{"href":"https:\/\/sportihobbycennik.sportihoobby.pl\/index.php?rest_route=\/wp\/v2\/types\/page"}],"author":[{"embeddable":true,"href":"https:\/\/sportihobbycennik.sportihoobby.pl\/index.php?rest_route=\/wp\/v2\/users\/1"}],"replies":[{"embeddable":true,"href":"https:\/\/sportihobbycennik.sportihoobby.pl\/index.php?rest_route=%2Fwp%2Fv2%2Fcomments&post=2097"}],"version-history":[{"count":11,"href":"https:\/\/sportihobbycennik.sportihoobby.pl\/index.php?rest_route=\/wp\/v2\/pages\/2097\/revisions"}],"predecessor-version":[{"id":3694,"href":"https:\/\/sportihobbycennik.sportihoobby.pl\/index.php?rest_route=\/wp\/v2\/pages\/2097\/revisions\/3694"}],"wp:attachment":[{"href":"https:\/\/sportihobbycennik.sportihoobby.pl\/index.php?rest_route=%2Fwp%2Fv2%2Fmedia&parent=2097"}],"curies":[{"name":"wp","href":"https:\/\/api.w.org\/{rel}","templated":true}]}}